{"id":390,"date":"2024-10-08T22:41:05","date_gmt":"2024-10-08T20:41:05","guid":{"rendered":"https:\/\/tempsdemusica.com\/politica-de-privacidad-2\/"},"modified":"2024-10-09T00:17:38","modified_gmt":"2024-10-08T22:17:38","slug":"politica-de-privacidad","status":"publish","type":"page","link":"https:\/\/tempsdemusica.com\/es\/politica-de-privacidad\/","title":{"rendered":"Pol\u00edtica de Privacidad"},"content":{"rendered":"<style>.elementor-390 .elementor-element.elementor-element-72771b23:not(.elementor-motion-effects-element-type-background), .elementor-390 .elementor-element.elementor-element-72771b23 > .elementor-motion-effects-container > .elementor-motion-effects-layer{background-image:url(\"https:\/\/tempsdemusica.com\/wp-content\/uploads\/2024\/10\/a-small-pile-of-newspapers.jpg\");background-position:center center;background-repeat:no-repeat;background-size:cover;}.elementor-390 .elementor-element.elementor-element-72771b23 > .elementor-background-overlay{background-color:transparent;background-image:linear-gradient(150deg, #000000DE 5%, #FF9A442E 100%);opacity:1;transition:background 0.3s, border-radius 0.3s, opacity 0.3s;}.elementor-390 .elementor-element.elementor-element-72771b23 > .elementor-container{max-width:1180px;}.elementor-390 .elementor-element.elementor-element-72771b23{transition:background 0.3s, border 0.3s, border-radius 0.3s, box-shadow 0.3s;margin-top:-78px;margin-bottom:0px;padding:240px 0px 0px 0px;}.elementor-390 .elementor-element.elementor-element-218598de > .elementor-container{max-width:500px;}.elementor-390 .elementor-element.elementor-element-673bc93c:not(.elementor-motion-effects-element-type-background) > .elementor-widget-wrap, .elementor-390 .elementor-element.elementor-element-673bc93c > .elementor-widget-wrap > .elementor-motion-effects-container > .elementor-motion-effects-layer{background-color:#FFFFFF;}.elementor-390 .elementor-element.elementor-element-673bc93c.elementor-column > .elementor-widget-wrap{justify-content:center;}.elementor-390 .elementor-element.elementor-element-673bc93c > .elementor-element-populated, .elementor-390 .elementor-element.elementor-element-673bc93c > .elementor-element-populated > .elementor-background-overlay, .elementor-390 .elementor-element.elementor-element-673bc93c > .elementor-background-slideshow{border-radius:5px 5px 0px 0px;}.elementor-390 .elementor-element.elementor-element-673bc93c > .elementor-element-populated{transition:background 0.3s, border 0.3s, border-radius 0.3s, box-shadow 0.3s;margin:0px 0px 0px 0px;--e-column-margin-right:0px;--e-column-margin-left:0px;padding:40px 0px 30px 0px;}.elementor-390 .elementor-element.elementor-element-673bc93c > .elementor-element-populated > .elementor-background-overlay{transition:background 0.3s, border-radius 0.3s, opacity 0.3s;}.elementor-390 .elementor-element.elementor-element-6a3fe3e2{text-align:center;}.elementor-390 .elementor-element.elementor-element-6a3fe3e2 .elementor-heading-title{font-family:var( --e-global-typography-fa93caa-font-family ), Sans-serif;font-size:var( --e-global-typography-fa93caa-font-size );font-weight:var( --e-global-typography-fa93caa-font-weight );line-height:var( --e-global-typography-fa93caa-line-height );color:#000000;}.elementor-390 .elementor-element.elementor-element-1b00d64c{width:auto;max-width:auto;font-family:var( --e-global-typography-text-font-family ), Sans-serif;font-size:var( --e-global-typography-text-font-size );font-weight:var( --e-global-typography-text-font-weight );color:#000000;}.elementor-390 .elementor-element.elementor-element-1b00d64c > .elementor-widget-container{margin:0px 10px 0px 0px;padding:0px 0px 0px 0px;}.elementor-390 .elementor-element.elementor-element-5304df4{width:auto;max-width:auto;font-family:var( --e-global-typography-text-font-family ), Sans-serif;font-size:var( --e-global-typography-text-font-size );font-weight:var( --e-global-typography-text-font-weight );color:var( --e-global-color-626bc95 );}.elementor-390 .elementor-element.elementor-element-9ba0dcf{--display:flex;--flex-direction:column;--container-widget-width:100%;--container-widget-height:initial;--container-widget-flex-grow:0;--container-widget-align-self:initial;--flex-wrap-mobile:wrap;--margin-top:60px;--margin-bottom:60px;--margin-left:0px;--margin-right:0px;}:root{--page-title-display:none;}@media(max-width:1024px){.elementor-390 .elementor-element.elementor-element-6a3fe3e2 .elementor-heading-title{font-size:var( --e-global-typography-fa93caa-font-size );line-height:var( --e-global-typography-fa93caa-line-height );}.elementor-390 .elementor-element.elementor-element-1b00d64c{font-size:var( --e-global-typography-text-font-size );}.elementor-390 .elementor-element.elementor-element-5304df4{font-size:var( --e-global-typography-text-font-size );}}@media(max-width:767px){.elementor-390 .elementor-element.elementor-element-673bc93c > .elementor-element-populated{margin:0px 10px 0px 10px;--e-column-margin-right:10px;--e-column-margin-left:10px;}.elementor-390 .elementor-element.elementor-element-6a3fe3e2 .elementor-heading-title{font-size:var( --e-global-typography-fa93caa-font-size );line-height:var( --e-global-typography-fa93caa-line-height );}.elementor-390 .elementor-element.elementor-element-1b00d64c{font-size:var( --e-global-typography-text-font-size );}.elementor-390 .elementor-element.elementor-element-5304df4{font-size:var( --e-global-typography-text-font-size );}}<\/style>\t\t<div data-elementor-type=\"wp-page\" data-elementor-id=\"390\" class=\"elementor elementor-390 elementor-311\" data-elementor-post-type=\"page\">\n\t\t\t\t\t\t<section class=\"elementor-section elementor-top-section elementor-element elementor-element-72771b23 elementor-section-boxed elementor-section-height-default elementor-section-height-default\" data-id=\"72771b23\" data-element_type=\"section\" data-settings=\"{&quot;background_background&quot;:&quot;classic&quot;}\">\n\t\t\t\t\t\t\t<div class=\"elementor-background-overlay\"><\/div>\n\t\t\t\t\t\t\t<div class=\"elementor-container elementor-column-gap-no\">\n\t\t\t\t\t<div class=\"elementor-column elementor-col-100 elementor-top-column elementor-element elementor-element-6e7d7665\" data-id=\"6e7d7665\" data-element_type=\"column\">\n\t\t\t<div class=\"elementor-widget-wrap elementor-element-populated\">\n\t\t\t\t\t\t<section class=\"elementor-section elementor-inner-section elementor-element elementor-element-218598de elementor-section-boxed elementor-section-height-default elementor-section-height-default\" data-id=\"218598de\" data-element_type=\"section\">\n\t\t\t\t\t\t<div class=\"elementor-container elementor-column-gap-no\">\n\t\t\t\t\t<div class=\"elementor-column elementor-col-100 elementor-inner-column elementor-element elementor-element-673bc93c\" data-id=\"673bc93c\" data-element_type=\"column\" data-settings=\"{&quot;background_background&quot;:&quot;classic&quot;}\">\n\t\t\t<div class=\"elementor-widget-wrap elementor-element-populated\">\n\t\t\t\t\t\t<div class=\"elementor-element elementor-element-6a3fe3e2 elementor-widget elementor-widget-heading\" data-id=\"6a3fe3e2\" data-element_type=\"widget\" data-widget_type=\"heading.default\">\n\t\t\t\t<div class=\"elementor-widget-container\">\n\t\t\t\t\t<h2 class=\"elementor-heading-title elementor-size-default\">Pol\u00edtica de Privacidad<\/h2>\t\t\t\t<\/div>\n\t\t\t\t<\/div>\n\t\t\t\t<div class=\"elementor-element elementor-element-1b00d64c elementor-widget__width-auto elementor-widget elementor-widget-text-editor\" data-id=\"1b00d64c\" data-element_type=\"widget\" data-widget_type=\"text-editor.default\">\n\t\t\t\t<div class=\"elementor-widget-container\">\n\t\t\t\t\t\t\t\t\t<p>Inicio \/<\/p>\n\t\t\t\t\t\t\t\t<\/div>\n\t\t\t\t<\/div>\n\t\t\t\t<div class=\"elementor-element elementor-element-5304df4 elementor-widget__width-auto elementor-widget elementor-widget-text-editor\" data-id=\"5304df4\" data-element_type=\"widget\" data-widget_type=\"text-editor.default\">\n\t\t\t\t<div class=\"elementor-widget-container\">\n\t\t\t\t\t\t\t\t\t<p>Pol\u00edtica de Privacidad<\/p>\n\t\t\t\t\t\t\t\t<\/div>\n\t\t\t\t<\/div>\n\t\t\t\t\t<\/div>\n\t\t<\/div>\n\t\t\t\t\t<\/div>\n\t\t<\/section>\n\t\t\t\t\t<\/div>\n\t\t<\/div>\n\t\t\t\t\t<\/div>\n\t\t<\/section>\n\t\t<div class=\"elementor-element elementor-element-9ba0dcf e-flex e-con-boxed e-con e-parent\" data-id=\"9ba0dcf\" data-element_type=\"container\">\n\t\t\t\t\t<div class=\"e-con-inner\">\n\t\t\t\t<div class=\"elementor-element elementor-element-68e2249 elementor-widget elementor-widget-text-editor\" data-id=\"68e2249\" data-element_type=\"widget\" data-widget_type=\"text-editor.default\">\n\t\t\t\t<div class=\"elementor-widget-container\">\n\t\t\t\t\t\t\t\t\t<p>Lorem ipsum dolor sit amet, consectetur adipiscing elit. Ut elit tellus, luctus nec ullamcorper mattis, pulvinar dapibus leo.<\/p>\t\t\t\t\t\t\t\t<\/div>\n\t\t\t\t<\/div>\n\t\t\t\t\t<\/div>\n\t\t\t\t<\/div>\n\t\t\t\t<\/div>\n\t\t","protected":false},"excerpt":{"rendered":"<p>Pol\u00edtica de Privacidad Inicio \/ Pol\u00edtica de Privacidad Lorem ipsum dolor sit amet, consectetur adipiscing elit. Ut elit tellus, luctus nec ullamcorper mattis, pulvinar dapibus leo.<\/p>\n","protected":false},"author":1,"featured_media":0,"parent":0,"menu_order":1300,"comment_status":"closed","ping_status":"closed","template":"","meta":{"footnotes":""},"class_list":["post-390","page","type-page","status-publish","hentry"],"yoast_head":"<!-- This site is optimized with the Yoast SEO plugin v26.5 - https:\/\/yoast.com\/wordpress\/plugins\/seo\/ -->\n<title>Pol\u00edtica de Privacidad - Temps de M\u00fasica<\/title>\n<meta name=\"robots\" content=\"index, follow, max-snippet:-1, max-image-preview:large, max-video-preview:-1\" \/>\n<link rel=\"canonical\" href=\"https:\/\/tempsdemusica.com\/es\/politica-de-privacidad\/\" \/>\n<meta property=\"og:locale\" content=\"es_ES\" \/>\n<meta property=\"og:type\" content=\"article\" \/>\n<meta property=\"og:title\" content=\"Pol\u00edtica de Privacidad - Temps de M\u00fasica\" \/>\n<meta property=\"og:description\" content=\"Pol\u00edtica de Privacidad Inicio \/ Pol\u00edtica de Privacidad Lorem ipsum dolor sit amet, consectetur adipiscing elit. Ut elit tellus, luctus nec ullamcorper mattis, pulvinar dapibus leo.\" \/>\n<meta property=\"og:url\" content=\"https:\/\/tempsdemusica.com\/es\/politica-de-privacidad\/\" \/>\n<meta property=\"og:site_name\" content=\"Temps de M\u00fasica\" \/>\n<meta property=\"article:modified_time\" content=\"2024-10-08T22:17:38+00:00\" \/>\n<meta name=\"twitter:card\" content=\"summary_large_image\" \/>\n<script type=\"application\/ld+json\" class=\"yoast-schema-graph\">{\"@context\":\"https:\/\/schema.org\",\"@graph\":[{\"@type\":\"WebPage\",\"@id\":\"https:\/\/tempsdemusica.com\/es\/politica-de-privacidad\/\",\"url\":\"https:\/\/tempsdemusica.com\/es\/politica-de-privacidad\/\",\"name\":\"Pol\u00edtica de Privacidad - Temps de M\u00fasica\",\"isPartOf\":{\"@id\":\"https:\/\/tempsdemusica.com\/es\/#website\"},\"datePublished\":\"2024-10-08T20:41:05+00:00\",\"dateModified\":\"2024-10-08T22:17:38+00:00\",\"breadcrumb\":{\"@id\":\"https:\/\/tempsdemusica.com\/es\/politica-de-privacidad\/#breadcrumb\"},\"inLanguage\":\"es\",\"potentialAction\":[{\"@type\":\"ReadAction\",\"target\":[\"https:\/\/tempsdemusica.com\/es\/politica-de-privacidad\/\"]}]},{\"@type\":\"BreadcrumbList\",\"@id\":\"https:\/\/tempsdemusica.com\/es\/politica-de-privacidad\/#breadcrumb\",\"itemListElement\":[{\"@type\":\"ListItem\",\"position\":1,\"name\":\"Home\",\"item\":\"https:\/\/tempsdemusica.com\/es\/\"},{\"@type\":\"ListItem\",\"position\":2,\"name\":\"Pol\u00edtica de Privacidad\"}]},{\"@type\":\"WebSite\",\"@id\":\"https:\/\/tempsdemusica.com\/es\/#website\",\"url\":\"https:\/\/tempsdemusica.com\/es\/\",\"name\":\"Temps de M\u00fasica\",\"description\":\"Escola de m\u00fasica a Figueres\",\"publisher\":{\"@id\":\"https:\/\/tempsdemusica.com\/es\/#organization\"},\"potentialAction\":[{\"@type\":\"SearchAction\",\"target\":{\"@type\":\"EntryPoint\",\"urlTemplate\":\"https:\/\/tempsdemusica.com\/es\/?s={search_term_string}\"},\"query-input\":{\"@type\":\"PropertyValueSpecification\",\"valueRequired\":true,\"valueName\":\"search_term_string\"}}],\"inLanguage\":\"es\"},{\"@type\":\"Organization\",\"@id\":\"https:\/\/tempsdemusica.com\/es\/#organization\",\"name\":\"Temps de M\u00fasica\",\"url\":\"https:\/\/tempsdemusica.com\/es\/\",\"logo\":{\"@type\":\"ImageObject\",\"inLanguage\":\"es\",\"@id\":\"https:\/\/tempsdemusica.com\/es\/#\/schema\/logo\/image\/\",\"url\":\"https:\/\/tempsdemusica.com\/wp-content\/uploads\/2024\/10\/disseny-logo-tdm-07.svg\",\"contentUrl\":\"https:\/\/tempsdemusica.com\/wp-content\/uploads\/2024\/10\/disseny-logo-tdm-07.svg\",\"width\":350,\"height\":100,\"caption\":\"Temps de M\u00fasica\"},\"image\":{\"@id\":\"https:\/\/tempsdemusica.com\/es\/#\/schema\/logo\/image\/\"}}]}<\/script>\n<!-- \/ Yoast SEO plugin. -->","yoast_head_json":{"title":"Pol\u00edtica de Privacidad - Temps de M\u00fasica","robots":{"index":"index","follow":"follow","max-snippet":"max-snippet:-1","max-image-preview":"max-image-preview:large","max-video-preview":"max-video-preview:-1"},"canonical":"https:\/\/tempsdemusica.com\/es\/politica-de-privacidad\/","og_locale":"es_ES","og_type":"article","og_title":"Pol\u00edtica de Privacidad - Temps de M\u00fasica","og_description":"Pol\u00edtica de Privacidad Inicio \/ Pol\u00edtica de Privacidad Lorem ipsum dolor sit amet, consectetur adipiscing elit. Ut elit tellus, luctus nec ullamcorper mattis, pulvinar dapibus leo.","og_url":"https:\/\/tempsdemusica.com\/es\/politica-de-privacidad\/","og_site_name":"Temps de M\u00fasica","article_modified_time":"2024-10-08T22:17:38+00:00","twitter_card":"summary_large_image","schema":{"@context":"https:\/\/schema.org","@graph":[{"@type":"WebPage","@id":"https:\/\/tempsdemusica.com\/es\/politica-de-privacidad\/","url":"https:\/\/tempsdemusica.com\/es\/politica-de-privacidad\/","name":"Pol\u00edtica de Privacidad - Temps de M\u00fasica","isPartOf":{"@id":"https:\/\/tempsdemusica.com\/es\/#website"},"datePublished":"2024-10-08T20:41:05+00:00","dateModified":"2024-10-08T22:17:38+00:00","breadcrumb":{"@id":"https:\/\/tempsdemusica.com\/es\/politica-de-privacidad\/#breadcrumb"},"inLanguage":"es","potentialAction":[{"@type":"ReadAction","target":["https:\/\/tempsdemusica.com\/es\/politica-de-privacidad\/"]}]},{"@type":"BreadcrumbList","@id":"https:\/\/tempsdemusica.com\/es\/politica-de-privacidad\/#breadcrumb","itemListElement":[{"@type":"ListItem","position":1,"name":"Home","item":"https:\/\/tempsdemusica.com\/es\/"},{"@type":"ListItem","position":2,"name":"Pol\u00edtica de Privacidad"}]},{"@type":"WebSite","@id":"https:\/\/tempsdemusica.com\/es\/#website","url":"https:\/\/tempsdemusica.com\/es\/","name":"Temps de M\u00fasica","description":"Escola de m\u00fasica a Figueres","publisher":{"@id":"https:\/\/tempsdemusica.com\/es\/#organization"},"potentialAction":[{"@type":"SearchAction","target":{"@type":"EntryPoint","urlTemplate":"https:\/\/tempsdemusica.com\/es\/?s={search_term_string}"},"query-input":{"@type":"PropertyValueSpecification","valueRequired":true,"valueName":"search_term_string"}}],"inLanguage":"es"},{"@type":"Organization","@id":"https:\/\/tempsdemusica.com\/es\/#organization","name":"Temps de M\u00fasica","url":"https:\/\/tempsdemusica.com\/es\/","logo":{"@type":"ImageObject","inLanguage":"es","@id":"https:\/\/tempsdemusica.com\/es\/#\/schema\/logo\/image\/","url":"https:\/\/tempsdemusica.com\/wp-content\/uploads\/2024\/10\/disseny-logo-tdm-07.svg","contentUrl":"https:\/\/tempsdemusica.com\/wp-content\/uploads\/2024\/10\/disseny-logo-tdm-07.svg","width":350,"height":100,"caption":"Temps de M\u00fasica"},"image":{"@id":"https:\/\/tempsdemusica.com\/es\/#\/schema\/logo\/image\/"}}]}},"_links":{"self":[{"href":"https:\/\/tempsdemusica.com\/es\/wp-json\/wp\/v2\/pages\/390","targetHints":{"allow":["GET"]}}],"collection":[{"href":"https:\/\/tempsdemusica.com\/es\/wp-json\/wp\/v2\/pages"}],"about":[{"href":"https:\/\/tempsdemusica.com\/es\/wp-json\/wp\/v2\/types\/page"}],"author":[{"embeddable":true,"href":"https:\/\/tempsdemusica.com\/es\/wp-json\/wp\/v2\/users\/1"}],"replies":[{"embeddable":true,"href":"https:\/\/tempsdemusica.com\/es\/wp-json\/wp\/v2\/comments?post=390"}],"version-history":[{"count":7,"href":"https:\/\/tempsdemusica.com\/es\/wp-json\/wp\/v2\/pages\/390\/revisions"}],"predecessor-version":[{"id":450,"href":"https:\/\/tempsdemusica.com\/es\/wp-json\/wp\/v2\/pages\/390\/revisions\/450"}],"wp:attachment":[{"href":"https:\/\/tempsdemusica.com\/es\/wp-json\/wp\/v2\/media?parent=390"}],"curies":[{"name":"wp","href":"https:\/\/api.w.org\/{rel}","templated":true}]}}